{"id":962,"date":"2021-11-21T13:21:39","date_gmt":"2021-11-21T13:21:39","guid":{"rendered":"http:\/\/neu.berlinerbarocksolisten.de\/walter\/"},"modified":"2023-08-24T12:05:29","modified_gmt":"2023-08-24T12:05:29","slug":"walter","status":"publish","type":"page","link":"https:\/\/berlinerbarocksolisten.de\/en\/walter\/","title":{"rendered":"Walter"},"content":{"rendered":"<div>\n<p>        <img decoding=\"async\" src=\"\/wp-content\/uploads\/2023\/01\/5.jpg\" alt=\"\"><\/p>\n<h1>Walter K\u00fcssner<\/h1>\n<div>\n<p>actually wanted to become a cellist. But since his brother had already chosen this instrument and a viola was available at the school, he chose this path. K\u00fcssner studied with J\u00fcrgen Kussmaul in D\u00fcsseldorf, with Kim Kashkashian in New York and with Michael Tree in St. Louis. After graduation, he was a member of the Bavarian Radio Symphony Orchestra for two years before joining the Berlin Philharmonic in 1989. His pronounced love of chamber music has since led him to participate in several smaller formations, such as the Philharmonic String Sextet, the Philharmonic Stradivari Soloists Berlin and the Athenaeum Quartet. In addition, the passionate chess and skat player takes care of the archival history of the orchestra. Walter K\u00fcssner has been a member of the Berlin Baroque Soloists since 2003.<\/p>\n<\/div>\n<\/div>\n<p><!--more--><br \/>\n<!-- {\"type\":\"layout\",\"children\":[{\"type\":\"section\",\"props\":{\"image_position\":\"center-center\",\"style\":\"default\",\"title_breakpoint\":\"xl\",\"title_position\":\"top-left\",\"title_rotation\":\"left\",\"vertical_align\":\"middle\",\"width\":\"default\"},\"children\":[{\"type\":\"row\",\"children\":[{\"type\":\"column\",\"props\":{\"image_position\":\"center-center\",\"position_sticky_breakpoint\":\"m\"},\"children\":[{\"type\":\"panel\",\"props\":{\"content\":\"\n\n<p>actually wanted to become a cellist. But since his brother had already chosen this instrument and a viola was available at the school, he chose this path. K\\u00fcssner studied with J\\u00fcrgen Kussmaul in D\\u00fcsseldorf, with Kim Kashkashian in New York and with Michael Tree in St. Louis. After graduation, he was a member of the Bavarian Radio Symphony Orchestra for two years before joining the Berlin Philharmonic in 1989. His pronounced love of chamber music has since led him to participate in several smaller formations, such as the Philharmonic String Sextet, the Philharmonic Stradivari Soloists Berlin and the Athenaeum Quartet. In addition, the passionate chess and skat player takes care of the archival history of the orchestra. Walter K\\u00fcssner has been a member of the Berlin Baroque Soloists since 2003.<\\\/p>\",\"content_column_breakpoint\":\"m\",\"icon_width\":80,\"image\":\"wp-content\\\/uploads\\\/2023\\\/01\\\/5.jpg\",\"image_align\":\"right\",\"image_border\":\"circle\",\"image_grid_breakpoint\":\"m\",\"image_grid_column_gap\":\"large\",\"image_grid_width\":\"1-2\",\"image_svg_color\":\"emphasis\",\"image_width\":\"400\",\"link_style\":\"default\",\"link_text\":\"Read more\",\"margin\":\"default\",\"meta_align\":\"below-title\",\"meta_element\":\"div\",\"meta_style\":\"text-meta\",\"title\":\"Walter K\\u00fcssner\",\"title_align\":\"top\",\"title_element\":\"h1\",\"title_grid_breakpoint\":\"m\",\"title_grid_width\":\"1-2\",\"title_hover_style\":\"reset\"}}]}]}]}],\"version\":\"4.0.11\",\"yooessentialsVersion\":\"2.0.12\"} --><\/p>\n","protected":false},"excerpt":{"rendered":"<p>Walter K\u00fcssner actually wanted to become a cellist. But since his brother had already chosen this instrument and a viola was available at the school, he chose this path. K\u00fcssner studied with J\u00fcrgen Kussmaul in D\u00fcsseldorf, with Kim Kashkashian in New York and with Michael Tree in St. Louis. After graduation, he was a member [&hellip;]<\/p>\n","protected":false},"author":5,"featured_media":0,"parent":0,"menu_order":0,"comment_status":"closed","ping_status":"closed","template":"","meta":{"_acf_changed":false,"footnotes":""},"class_list":["post-962","page","type-page","status-publish","hentry"],"acf":[],"yoast_head":"<!-- This site is optimized with the Yoast SEO plugin v27.4 - https:\/\/yoast.com\/product\/yoast-seo-wordpress\/ -->\n<title>Walter - Berliner Barock Solisten<\/title>\n<meta name=\"robots\" content=\"index, follow, max-snippet:-1, max-image-preview:large, max-video-preview:-1\" \/>\n<link rel=\"canonical\" href=\"https:\/\/berlinerbarocksolisten.de\/en\/walter\/\" \/>\n<meta property=\"og:locale\" content=\"en_US\" \/>\n<meta property=\"og:type\" content=\"article\" \/>\n<meta property=\"og:title\" content=\"Walter - Berliner Barock Solisten\" \/>\n<meta property=\"og:description\" content=\"Walter K\u00fcssner actually wanted to become a cellist. But since his brother had already chosen this instrument and a viola was available at the school, he chose this path. K\u00fcssner studied with J\u00fcrgen Kussmaul in D\u00fcsseldorf, with Kim Kashkashian in New York and with Michael Tree in St. Louis. After graduation, he was a member [&hellip;]\" \/>\n<meta property=\"og:url\" content=\"https:\/\/berlinerbarocksolisten.de\/en\/walter\/\" \/>\n<meta property=\"og:site_name\" content=\"Berliner Barock Solisten\" \/>\n<meta property=\"article:publisher\" content=\"https:\/\/www.facebook.com\/berlinerbarocksolisten\" \/>\n<meta property=\"article:modified_time\" content=\"2023-08-24T12:05:29+00:00\" \/>\n<meta name=\"twitter:card\" content=\"summary_large_image\" \/>\n<meta name=\"twitter:label1\" content=\"Est. reading time\" \/>\n\t<meta name=\"twitter:data1\" content=\"1 minute\" \/>\n<script type=\"application\/ld+json\" class=\"yoast-schema-graph\">{\"@context\":\"https:\\\/\\\/schema.org\",\"@graph\":[{\"@type\":\"WebPage\",\"@id\":\"https:\\\/\\\/berlinerbarocksolisten.de\\\/en\\\/walter\\\/\",\"url\":\"https:\\\/\\\/berlinerbarocksolisten.de\\\/en\\\/walter\\\/\",\"name\":\"Walter - Berliner Barock Solisten\",\"isPartOf\":{\"@id\":\"https:\\\/\\\/berlinerbarocksolisten.de\\\/#website\"},\"datePublished\":\"2021-11-21T13:21:39+00:00\",\"dateModified\":\"2023-08-24T12:05:29+00:00\",\"breadcrumb\":{\"@id\":\"https:\\\/\\\/berlinerbarocksolisten.de\\\/en\\\/walter\\\/#breadcrumb\"},\"inLanguage\":\"en-US\",\"potentialAction\":[{\"@type\":\"ReadAction\",\"target\":[\"https:\\\/\\\/berlinerbarocksolisten.de\\\/en\\\/walter\\\/\"]}]},{\"@type\":\"BreadcrumbList\",\"@id\":\"https:\\\/\\\/berlinerbarocksolisten.de\\\/en\\\/walter\\\/#breadcrumb\",\"itemListElement\":[{\"@type\":\"ListItem\",\"position\":1,\"name\":\"Startseite\",\"item\":\"https:\\\/\\\/berlinerbarocksolisten.de\\\/\"},{\"@type\":\"ListItem\",\"position\":2,\"name\":\"Walter\"}]},{\"@type\":\"WebSite\",\"@id\":\"https:\\\/\\\/berlinerbarocksolisten.de\\\/#website\",\"url\":\"https:\\\/\\\/berlinerbarocksolisten.de\\\/\",\"name\":\"Berliner Barock Solisten\",\"description\":\"Berliner Barock Solisten\",\"potentialAction\":[{\"@type\":\"SearchAction\",\"target\":{\"@type\":\"EntryPoint\",\"urlTemplate\":\"https:\\\/\\\/berlinerbarocksolisten.de\\\/?s={search_term_string}\"},\"query-input\":{\"@type\":\"PropertyValueSpecification\",\"valueRequired\":true,\"valueName\":\"search_term_string\"}}],\"inLanguage\":\"en-US\"}]}<\/script>\n<!-- \/ Yoast SEO plugin. -->","yoast_head_json":{"title":"Walter - Berliner Barock Solisten","robots":{"index":"index","follow":"follow","max-snippet":"max-snippet:-1","max-image-preview":"max-image-preview:large","max-video-preview":"max-video-preview:-1"},"canonical":"https:\/\/berlinerbarocksolisten.de\/en\/walter\/","og_locale":"en_US","og_type":"article","og_title":"Walter - Berliner Barock Solisten","og_description":"Walter K\u00fcssner actually wanted to become a cellist. But since his brother had already chosen this instrument and a viola was available at the school, he chose this path. K\u00fcssner studied with J\u00fcrgen Kussmaul in D\u00fcsseldorf, with Kim Kashkashian in New York and with Michael Tree in St. Louis. After graduation, he was a member [&hellip;]","og_url":"https:\/\/berlinerbarocksolisten.de\/en\/walter\/","og_site_name":"Berliner Barock Solisten","article_publisher":"https:\/\/www.facebook.com\/berlinerbarocksolisten","article_modified_time":"2023-08-24T12:05:29+00:00","twitter_card":"summary_large_image","twitter_misc":{"Est. reading time":"1 minute"},"schema":{"@context":"https:\/\/schema.org","@graph":[{"@type":"WebPage","@id":"https:\/\/berlinerbarocksolisten.de\/en\/walter\/","url":"https:\/\/berlinerbarocksolisten.de\/en\/walter\/","name":"Walter - Berliner Barock Solisten","isPartOf":{"@id":"https:\/\/berlinerbarocksolisten.de\/#website"},"datePublished":"2021-11-21T13:21:39+00:00","dateModified":"2023-08-24T12:05:29+00:00","breadcrumb":{"@id":"https:\/\/berlinerbarocksolisten.de\/en\/walter\/#breadcrumb"},"inLanguage":"en-US","potentialAction":[{"@type":"ReadAction","target":["https:\/\/berlinerbarocksolisten.de\/en\/walter\/"]}]},{"@type":"BreadcrumbList","@id":"https:\/\/berlinerbarocksolisten.de\/en\/walter\/#breadcrumb","itemListElement":[{"@type":"ListItem","position":1,"name":"Startseite","item":"https:\/\/berlinerbarocksolisten.de\/"},{"@type":"ListItem","position":2,"name":"Walter"}]},{"@type":"WebSite","@id":"https:\/\/berlinerbarocksolisten.de\/#website","url":"https:\/\/berlinerbarocksolisten.de\/","name":"Berliner Barock Solisten","description":"Berliner Barock Solisten","potentialAction":[{"@type":"SearchAction","target":{"@type":"EntryPoint","urlTemplate":"https:\/\/berlinerbarocksolisten.de\/?s={search_term_string}"},"query-input":{"@type":"PropertyValueSpecification","valueRequired":true,"valueName":"search_term_string"}}],"inLanguage":"en-US"}]}},"_links":{"self":[{"href":"https:\/\/berlinerbarocksolisten.de\/en\/wp-json\/wp\/v2\/pages\/962","targetHints":{"allow":["GET"]}}],"collection":[{"href":"https:\/\/berlinerbarocksolisten.de\/en\/wp-json\/wp\/v2\/pages"}],"about":[{"href":"https:\/\/berlinerbarocksolisten.de\/en\/wp-json\/wp\/v2\/types\/page"}],"author":[{"embeddable":true,"href":"https:\/\/berlinerbarocksolisten.de\/en\/wp-json\/wp\/v2\/users\/5"}],"replies":[{"embeddable":true,"href":"https:\/\/berlinerbarocksolisten.de\/en\/wp-json\/wp\/v2\/comments?post=962"}],"version-history":[{"count":5,"href":"https:\/\/berlinerbarocksolisten.de\/en\/wp-json\/wp\/v2\/pages\/962\/revisions"}],"predecessor-version":[{"id":2159,"href":"https:\/\/berlinerbarocksolisten.de\/en\/wp-json\/wp\/v2\/pages\/962\/revisions\/2159"}],"wp:attachment":[{"href":"https:\/\/berlinerbarocksolisten.de\/en\/wp-json\/wp\/v2\/media?parent=962"}],"curies":[{"name":"wp","href":"https:\/\/api.w.org\/{rel}","templated":true}]}}